{"id":621,"date":"2020-06-15T16:42:07","date_gmt":"2020-06-15T16:42:07","guid":{"rendered":"https:\/\/bienvenuemarketing.com\/home-2\/"},"modified":"2024-11-21T15:26:48","modified_gmt":"2024-11-21T20:26:48","slug":"home-2","status":"publish","type":"page","link":"https:\/\/bienvenuemarketing.com\/fr\/","title":{"rendered":"Accueil"},"content":{"rendered":"<div data-elementor-type=\"wp-page\" data-elementor-id=\"621\" class=\"elementor elementor-621\">\n\t\t\t\t\t\t<section class=\"elementor-section elementor-top-section elementor-element elementor-element-c76d00d elementor-section-boxed elementor-section-height-default elementor-section-height-default\" data-id=\"c76d00d\" data-element_type=\"section\" data-e-type=\"section\" data-settings=\"{&quot;background_background&quot;:&quot;gradient&quot;}\">\n\t\t\t\t\t\t<div class=\"elementor-container elementor-column-gap-default\">\n\t\t\t\t\t<div class=\"elementor-column elementor-col-33 elementor-top-column elementor-element elementor-element-203c181\" data-id=\"203c181\" data-element_type=\"column\" data-e-type=\"column\">\n\t\t\t<div class=\"elementor-widget-wrap\">\n\t\t\t\t\t\t\t<\/div>\n\t\t<\/div>\n\t\t\t\t<div class=\"elementor-column elementor-col-33 elementor-top-column elementor-element elementor-element-9ef69e5\" data-id=\"9ef69e5\" data-element_type=\"column\" data-e-type=\"column\">\n\t\t\t<div class=\"elementor-widget-wrap\">\n\t\t\t\t\t\t\t<\/div>\n\t\t<\/div>\n\t\t\t\t<div class=\"elementor-column elementor-col-33 elementor-top-column elementor-element elementor-element-706cb88\" data-id=\"706cb88\" data-element_type=\"column\" data-e-type=\"column\">\n\t\t\t<div class=\"elementor-widget-wrap\">\n\t\t\t\t\t\t\t<\/div>\n\t\t<\/div>\n\t\t\t\t\t<\/div>\n\t\t<\/section>\n\t\t\t\t<section class=\"elementor-section elementor-top-section elementor-element elementor-element-b8dfxvw elementor-section-height-min-height elementor-section-boxed elementor-section-height-default elementor-section-items-middle\" data-id=\"b8dfxvw\" data-element_type=\"section\" data-e-type=\"section\" data-settings=\"{&quot;background_background&quot;:&quot;classic&quot;}\">\n\t\t\t\t\t\t\t<div class=\"elementor-background-overlay\"><\/div>\n\t\t\t\t\t\t\t<div class=\"elementor-container elementor-column-gap-default\">\n\t\t\t\t\t<div class=\"elementor-column elementor-col-100 elementor-top-column elementor-element elementor-element-024270c\" data-id=\"024270c\" data-element_type=\"column\" data-e-type=\"column\">\n\t\t\t<div class=\"elementor-widget-wrap elementor-element-populated\">\n\t\t\t\t\t\t<div class=\"elementor-element elementor-element-e332e0c elementor-widget elementor-widget-heading\" data-id=\"e332e0c\" data-element_type=\"widget\" data-e-type=\"widget\" data-widget_type=\"heading.default\">\n\t\t\t\t<div class=\"elementor-widget-container\">\n\t\t\t\t\t<h2 class=\"elementor-heading-title elementor-size-default\">Repr\u00e9sentants manufacturiers<\/h2>\t\t\t\t<\/div>\n\t\t\t\t<\/div>\n\t\t\t\t<div class=\"elementor-element elementor-element-4767d0a elementor-widget-divider--view-line elementor-widget elementor-widget-divider\" data-id=\"4767d0a\" data-element_type=\"widget\" data-e-type=\"widget\" data-widget_type=\"divider.default\">\n\t\t\t\t<div class=\"elementor-widget-container\">\n\t\t\t\t\t\t\t<div class=\"elementor-divider\">\n\t\t\t<span class=\"elementor-divider-separator\">\n\t\t\t\t\t\t<\/span>\n\t\t<\/div>\n\t\t\t\t\t\t<\/div>\n\t\t\t\t<\/div>\n\t\t\t\t<div class=\"elementor-element elementor-element-cfe353e elementor-widget elementor-widget-text-editor\" data-id=\"cfe353e\" data-element_type=\"widget\" data-e-type=\"widget\" data-widget_type=\"text-editor.default\">\n\t\t\t\t<div class=\"elementor-widget-container\">\n\t\t\t\t\t\t\t\t\t<p>Nous sommes fiers d'offrir une agence de repr\u00e9sentants manufacturiers au Qu\u00e9bec avec le SERVICE comme priorit\u00e9. Nous sommes toujours \u00e0 la recherche d'entreprises proposant des produits innovants capables de fournir des solutions aux besoins individuels.\u00a0<\/p><p>Nous fournissons de nombreux services, notamment les ventes, la traduction, le marketing, les \u00e9v\u00e9nements, l'activation, les promotions et la formation.\u00a0<\/p><p>Nous desservons les march\u00e9s de l'automobile, des poids lourds et de l'industrie.<\/p>\t\t\t\t\t\t\t\t<\/div>\n\t\t\t\t<\/div>\n\t\t\t\t\t<\/div>\n\t\t<\/div>\n\t\t\t\t\t<\/div>\n\t\t<\/section>\n\t\t\t\t<section class=\"elementor-section elementor-top-section elementor-element elementor-element-0f9dcf8 elementor-section-full_width elementor-section-height-default elementor-section-height-default\" data-id=\"0f9dcf8\" data-element_type=\"section\" data-e-type=\"section\">\n\t\t\t\t\t\t<div class=\"elementor-container elementor-column-gap-no\">\n\t\t\t\t\t<div class=\"elementor-column elementor-col-100 elementor-top-column elementor-element elementor-element-0ab11ca\" data-id=\"0ab11ca\" data-element_type=\"column\" data-e-type=\"column\">\n\t\t\t<div class=\"elementor-widget-wrap elementor-element-populated\">\n\t\t\t\t\t\t<div class=\"elementor-element elementor-element-189fbe3 elementor-widget elementor-widget-image-carousel\" data-id=\"189fbe3\" data-element_type=\"widget\" data-e-type=\"widget\" data-settings=\"{&quot;slides_to_show&quot;:&quot;6&quot;,&quot;slides_to_scroll&quot;:&quot;1&quot;,&quot;navigation&quot;:&quot;none&quot;,&quot;slides_to_show_tablet&quot;:&quot;4&quot;,&quot;slides_to_show_mobile&quot;:&quot;3&quot;,&quot;image_spacing_custom&quot;:{&quot;unit&quot;:&quot;px&quot;,&quot;size&quot;:0,&quot;sizes&quot;:[]},&quot;autoplay&quot;:&quot;yes&quot;,&quot;pause_on_hover&quot;:&quot;yes&quot;,&quot;pause_on_interaction&quot;:&quot;yes&quot;,&quot;autoplay_speed&quot;:5000,&quot;infinite&quot;:&quot;yes&quot;,&quot;speed&quot;:500,&quot;image_spacing_custom_tablet&quot;:{&quot;unit&quot;:&quot;px&quot;,&quot;size&quot;:&quot;&quot;,&quot;sizes&quot;:[]},&quot;image_spacing_custom_mobile&quot;:{&quot;unit&quot;:&quot;px&quot;,&quot;size&quot;:&quot;&quot;,&quot;sizes&quot;:[]}}\" data-widget_type=\"image-carousel.default\">\n\t\t\t\t<div class=\"elementor-widget-container\">\n\t\t\t\t\t\t\t<div class=\"elementor-image-carousel-wrapper swiper\" role=\"region\" aria-roledescription=\"carousel\" aria-label=\"Image Carousel\" dir=\"ltr\">\n\t\t\t<div class=\"elementor-image-carousel swiper-wrapper swiper-image-stretch\" aria-live=\"off\">\n\t\t\t\t\t\t\t\t<div class=\"swiper-slide\" role=\"group\" aria-roledescription=\"slide\" aria-label=\"1 of 4\"><a data-elementor-open-lightbox=\"yes\" data-elementor-lightbox-slideshow=\"189fbe3\" data-elementor-lightbox-title=\"A person cleaning the inside of their car\" data-e-action-hash=\"#elementor-action%3Aaction%3Dlightbox%26settings%3DeyJpZCI6NDEsInVybCI6Imh0dHBzOlwvXC9iaWVudmVudWVtYXJrZXRpbmcuY29tXC93cC1jb250ZW50XC91cGxvYWRzXC8yMDIzXC8wNFwvcXRxODAtY2ZCcmZvLmpwZWciLCJzbGlkZXNob3ciOiIxODlmYmUzIn0%3D\" href=\"https:\/\/bienvenuemarketing.com\/wp-content\/uploads\/2023\/04\/qtq80-cfBrfo.jpeg\"><figure class=\"swiper-slide-inner\"><img decoding=\"async\" class=\"swiper-slide-image\" src=\"https:\/\/bienvenuemarketing.com\/wp-content\/uploads\/2023\/04\/qtq80-cfBrfo.jpeg\" alt=\"A person cleaning the inside of their car\" \/><\/figure><\/a><\/div><div class=\"swiper-slide\" role=\"group\" aria-roledescription=\"slide\" aria-label=\"2 of 4\"><a data-elementor-open-lightbox=\"yes\" data-elementor-lightbox-slideshow=\"189fbe3\" data-elementor-lightbox-title=\"A person holding onto the brake disc of their car\" data-e-action-hash=\"#elementor-action%3Aaction%3Dlightbox%26settings%3DeyJpZCI6MzgsInVybCI6Imh0dHBzOlwvXC9iaWVudmVudWVtYXJrZXRpbmcuY29tXC93cC1jb250ZW50XC91cGxvYWRzXC8yMDIzXC8wNFwvcXRxODAteUNFb1QwLmpwZWciLCJzbGlkZXNob3ciOiIxODlmYmUzIn0%3D\" href=\"https:\/\/bienvenuemarketing.com\/wp-content\/uploads\/2023\/04\/qtq80-yCEoT0.jpeg\"><figure class=\"swiper-slide-inner\"><img decoding=\"async\" class=\"swiper-slide-image\" src=\"https:\/\/bienvenuemarketing.com\/wp-content\/uploads\/2023\/04\/qtq80-yCEoT0.jpeg\" alt=\"A person holding onto the brake disc of their car\" \/><\/figure><\/a><\/div><div class=\"swiper-slide\" role=\"group\" aria-roledescription=\"slide\" aria-label=\"3 of 4\"><a data-elementor-open-lightbox=\"yes\" data-elementor-lightbox-slideshow=\"189fbe3\" data-elementor-lightbox-title=\"A person is working on an engine in a garage.\" data-e-action-hash=\"#elementor-action%3Aaction%3Dlightbox%26settings%3DeyJpZCI6MzcsInVybCI6Imh0dHBzOlwvXC9iaWVudmVudWVtYXJrZXRpbmcuY29tXC93cC1jb250ZW50XC91cGxvYWRzXC8yMDIzXC8wNFwvcXRxODAtcjNVNmR2LmpwZWciLCJzbGlkZXNob3ciOiIxODlmYmUzIn0%3D\" href=\"https:\/\/bienvenuemarketing.com\/wp-content\/uploads\/2023\/04\/qtq80-r3U6dv.jpeg\"><figure class=\"swiper-slide-inner\"><img decoding=\"async\" class=\"swiper-slide-image\" src=\"https:\/\/bienvenuemarketing.com\/wp-content\/uploads\/2023\/04\/qtq80-r3U6dv.jpeg\" alt=\"A person is working on an engine in a garage.\" \/><\/figure><\/a><\/div><div class=\"swiper-slide\" role=\"group\" aria-roledescription=\"slide\" aria-label=\"4 of 4\"><a data-elementor-open-lightbox=\"yes\" data-elementor-lightbox-slideshow=\"189fbe3\" data-elementor-lightbox-title=\"A tractor is pulling a plow across the field.\" data-e-action-hash=\"#elementor-action%3Aaction%3Dlightbox%26settings%3DeyJpZCI6MzUsInVybCI6Imh0dHBzOlwvXC9iaWVudmVudWVtYXJrZXRpbmcuY29tXC93cC1jb250ZW50XC91cGxvYWRzXC8yMDIzXC8wNFwvcXRxODAtSjllU0l2LmpwZWciLCJzbGlkZXNob3ciOiIxODlmYmUzIn0%3D\" href=\"https:\/\/bienvenuemarketing.com\/wp-content\/uploads\/2023\/04\/qtq80-J9eSIv.jpeg\"><figure class=\"swiper-slide-inner\"><img decoding=\"async\" class=\"swiper-slide-image\" src=\"https:\/\/bienvenuemarketing.com\/wp-content\/uploads\/2023\/04\/qtq80-J9eSIv.jpeg\" alt=\"A tractor is pulling a plow across the field.\" \/><\/figure><\/a><\/div>\t\t\t<\/div>\n\t\t\t\t\t\t\t\n\t\t\t\t\t\t\t\t\t<\/div>\n\t\t\t\t\t\t<\/div>\n\t\t\t\t<\/div>\n\t\t\t\t\t<\/div>\n\t\t<\/div>\n\t\t\t\t\t<\/div>\n\t\t<\/section>\n\t\t\t\t<\/div>","protected":false},"excerpt":{"rendered":"<p>Manufacturers Representative We are proud to offer a Manufacturers Representative agency in Quebec with SERVICE as our priority. We are always looking for companies with innovative products that can procure [&hellip;]<\/p>\n","protected":false},"author":1,"featured_media":1507,"parent":0,"menu_order":0,"comment_status":"closed","ping_status":"closed","template":"","meta":{"_coblocks_attr":"","_coblocks_dimensions":"","_coblocks_responsive_height":"","_coblocks_accordion_ie_support":"","site-sidebar-layout":"no-sidebar","site-content-layout":"page-builder","ast-site-content-layout":"full-width-container","site-content-style":"unboxed","site-sidebar-style":"unboxed","ast-global-header-display":"","ast-banner-title-visibility":"","ast-main-header-display":"","ast-hfb-above-header-display":"","ast-hfb-below-header-display":"","ast-hfb-mobile-header-display":"","site-post-title":"disabled","ast-breadcrumbs-content":"disabled","ast-featured-img":"disabled","footer-sml-layout":"","ast-disable-related-posts":"","theme-transparent-header-meta":"enabled","adv-header-id-meta":"","stick-header-meta":"","header-above-stick-meta":"","header-main-stick-meta":"","header-below-stick-meta":"","astra-migrate-meta-layouts":"set","ast-page-background-enabled":"default","ast-page-background-meta":{"desktop":{"background-color":"","background-image":"","background-repeat":"repeat","background-position":"center center","background-size":"auto","background-attachment":"scroll","background-type":"","background-media":"","overlay-type":"","overlay-color":"","overlay-opacity":"","overlay-gradient":""},"tablet":{"background-color":"","background-image":"","background-repeat":"repeat","background-position":"center center","background-size":"auto","background-attachment":"scroll","background-type":"","background-media":"","overlay-type":"","overlay-color":"","overlay-opacity":"","overlay-gradient":""},"mobile":{"background-color":"","background-image":"","background-repeat":"repeat","background-position":"center center","background-size":"auto","background-attachment":"scroll","background-type":"","background-media":"","overlay-type":"","overlay-color":"","overlay-opacity":"","overlay-gradient":""}},"ast-content-background-meta":{"desktop":{"background-color":"var(--ast-global-color-5)","background-image":"","background-repeat":"repeat","background-position":"center center","background-size":"auto","background-attachment":"scroll","background-type":"","background-media":"","overlay-type":"","overlay-color":"","overlay-opacity":"","overlay-gradient":""},"tablet":{"background-color":"var(--ast-global-color-5)","background-image":"","background-repeat":"repeat","background-position":"center center","background-size":"auto","background-attachment":"scroll","background-type":"","background-media":"","overlay-type":"","overlay-color":"","overlay-opacity":"","overlay-gradient":""},"mobile":{"background-color":"var(--ast-global-color-5)","background-image":"","background-repeat":"repeat","background-position":"center center","background-size":"auto","background-attachment":"scroll","background-type":"","background-media":"","overlay-type":"","overlay-color":"","overlay-opacity":"","overlay-gradient":""}},"footnotes":""},"class_list":["post-621","page","type-page","status-publish","has-post-thumbnail","hentry"],"yoast_head":"<!-- This site is optimized with the Yoast SEO plugin v27.4 - https:\/\/yoast.com\/product\/yoast-seo-wordpress\/ -->\n<title>Manufacturers Rep | Bienvenue Marketing<\/title>\n<meta name=\"description\" content=\"Contact us for exceptional Manufacturers Representative solutions at Bienvenue Marketing Inc. We specialize in sales.\" \/>\n<meta name=\"robots\" content=\"index, follow, max-snippet:-1, max-image-preview:large, max-video-preview:-1\" \/>\n<link rel=\"canonical\" href=\"https:\/\/bienvenuemarketing.com\/fr\/wp-json\/wp\/v2\/pages\/621\" \/>\n<meta property=\"og:locale\" content=\"fr_CA\" \/>\n<meta property=\"og:type\" content=\"article\" \/>\n<meta property=\"og:title\" content=\"Manufacturers Rep | Bienvenue Marketing\" \/>\n<meta property=\"og:description\" content=\"Contact us for exceptional Manufacturers Representative solutions at Bienvenue Marketing Inc. We specialize in sales.\" \/>\n<meta property=\"og:url\" content=\"https:\/\/bienvenuemarketing.com\/fr\/\" \/>\n<meta property=\"og:site_name\" content=\"Bienvenue Marketing Inc.\" \/>\n<meta property=\"article:modified_time\" content=\"2024-11-21T20:26:48+00:00\" \/>\n<meta property=\"og:image\" content=\"https:\/\/bienvenuemarketing.com\/wp-content\/uploads\/2020\/06\/qtq80-cfBrfo-1.jpeg\" \/>\n<meta name=\"twitter:card\" content=\"summary_large_image\" \/>\n<meta name=\"twitter:title\" content=\"Manufacturers Rep | Bienvenue Marketing\" \/>\n<meta name=\"twitter:description\" content=\"Contact us for exceptional Manufacturers Representative solutions at Bienvenue Marketing Inc. We specialize in sales.\" \/>\n<meta name=\"twitter:image\" content=\"https:\/\/bienvenuemarketing.com\/wp-content\/uploads\/2020\/06\/qtq80-cfBrfo-1.jpeg\" \/>\n<meta name=\"twitter:label1\" content=\"Estimation du temps de lecture\" \/>\n\t<meta name=\"twitter:data1\" content=\"2 minutes\" \/>\n<script type=\"application\/ld+json\" class=\"yoast-schema-graph\">{\"@context\":\"https:\\\/\\\/schema.org\",\"@graph\":[{\"@type\":\"WebPage\",\"@id\":\"https:\\\/\\\/bienvenuemarketing.com\\\/\",\"url\":\"https:\\\/\\\/bienvenuemarketing.com\\\/\",\"name\":\"Manufacturers Rep | Bienvenue Marketing\",\"isPartOf\":{\"@id\":\"https:\\\/\\\/bienvenuemarketing.com\\\/#website\"},\"primaryImageOfPage\":{\"@id\":\"https:\\\/\\\/bienvenuemarketing.com\\\/#primaryimage\"},\"image\":{\"@id\":\"https:\\\/\\\/bienvenuemarketing.com\\\/#primaryimage\"},\"thumbnailUrl\":\"https:\\\/\\\/bienvenuemarketing.com\\\/wp-content\\\/uploads\\\/2020\\\/06\\\/qtq80-cfBrfo-1.jpeg\",\"datePublished\":\"2020-06-15T16:42:07+00:00\",\"dateModified\":\"2024-11-21T20:26:48+00:00\",\"description\":\"Contact us for exceptional Manufacturers Representative solutions at Bienvenue Marketing Inc. We specialize in sales.\",\"breadcrumb\":{\"@id\":\"https:\\\/\\\/bienvenuemarketing.com\\\/#breadcrumb\"},\"inLanguage\":\"fr-CA\",\"potentialAction\":[{\"@type\":\"ReadAction\",\"target\":[\"https:\\\/\\\/bienvenuemarketing.com\\\/\"]}]},{\"@type\":\"ImageObject\",\"inLanguage\":\"fr-CA\",\"@id\":\"https:\\\/\\\/bienvenuemarketing.com\\\/#primaryimage\",\"url\":\"https:\\\/\\\/bienvenuemarketing.com\\\/wp-content\\\/uploads\\\/2020\\\/06\\\/qtq80-cfBrfo-1.jpeg\",\"contentUrl\":\"https:\\\/\\\/bienvenuemarketing.com\\\/wp-content\\\/uploads\\\/2020\\\/06\\\/qtq80-cfBrfo-1.jpeg\",\"width\":1254,\"height\":837,\"caption\":\"Cleaning car door handle with green cloth.\"},{\"@type\":\"BreadcrumbList\",\"@id\":\"https:\\\/\\\/bienvenuemarketing.com\\\/#breadcrumb\",\"itemListElement\":[{\"@type\":\"ListItem\",\"position\":1,\"name\":\"Home\",\"item\":\"https:\\\/\\\/bienvenuemarketing.com\\\/\"},{\"@type\":\"ListItem\",\"position\":2,\"name\":\"Home\"}]},{\"@type\":\"WebSite\",\"@id\":\"https:\\\/\\\/bienvenuemarketing.com\\\/#website\",\"url\":\"https:\\\/\\\/bienvenuemarketing.com\\\/\",\"name\":\"Bienvenue Marketing Inc.\",\"description\":\"Repr\u00e9sentation de ventes manufacturiers\",\"publisher\":{\"@id\":\"https:\\\/\\\/bienvenuemarketing.com\\\/#organization\"},\"potentialAction\":[{\"@type\":\"SearchAction\",\"target\":{\"@type\":\"EntryPoint\",\"urlTemplate\":\"https:\\\/\\\/bienvenuemarketing.com\\\/?s={search_term_string}\"},\"query-input\":{\"@type\":\"PropertyValueSpecification\",\"valueRequired\":true,\"valueName\":\"search_term_string\"}}],\"inLanguage\":\"fr-CA\"},{\"@type\":\"Organization\",\"@id\":\"https:\\\/\\\/bienvenuemarketing.com\\\/#organization\",\"name\":\"Bienvenue Marketing Inc.\",\"url\":\"https:\\\/\\\/bienvenuemarketing.com\\\/\",\"logo\":{\"@type\":\"ImageObject\",\"inLanguage\":\"fr-CA\",\"@id\":\"https:\\\/\\\/bienvenuemarketing.com\\\/#\\\/schema\\\/logo\\\/image\\\/\",\"url\":\"https:\\\/\\\/bienvenuemarketing.com\\\/wp-content\\\/uploads\\\/2023\\\/04\\\/cropped-cropped-BM-Logo-2023-white-v2.png\",\"contentUrl\":\"https:\\\/\\\/bienvenuemarketing.com\\\/wp-content\\\/uploads\\\/2023\\\/04\\\/cropped-cropped-BM-Logo-2023-white-v2.png\",\"width\":562,\"height\":562,\"caption\":\"Bienvenue Marketing Inc.\"},\"image\":{\"@id\":\"https:\\\/\\\/bienvenuemarketing.com\\\/#\\\/schema\\\/logo\\\/image\\\/\"}}]}<\/script>\n<!-- \/ Yoast SEO plugin. -->","yoast_head_json":{"title":"Manufacturers Rep | Bienvenue Marketing","description":"Contact us for exceptional Manufacturers Representative solutions at Bienvenue Marketing Inc. We specialize in sales.","robots":{"index":"index","follow":"follow","max-snippet":"max-snippet:-1","max-image-preview":"max-image-preview:large","max-video-preview":"max-video-preview:-1"},"canonical":"https:\/\/bienvenuemarketing.com\/fr\/wp-json\/wp\/v2\/pages\/621","og_locale":"fr_CA","og_type":"article","og_title":"Manufacturers Rep | Bienvenue Marketing","og_description":"Contact us for exceptional Manufacturers Representative solutions at Bienvenue Marketing Inc. We specialize in sales.","og_url":"https:\/\/bienvenuemarketing.com\/fr\/","og_site_name":"Bienvenue Marketing Inc.","article_modified_time":"2024-11-21T20:26:48+00:00","og_image":[{"url":"https:\/\/bienvenuemarketing.com\/wp-content\/uploads\/2020\/06\/qtq80-cfBrfo-1.jpeg","type":"","width":"","height":""}],"twitter_card":"summary_large_image","twitter_title":"Manufacturers Rep | Bienvenue Marketing","twitter_description":"Contact us for exceptional Manufacturers Representative solutions at Bienvenue Marketing Inc. We specialize in sales.","twitter_image":"https:\/\/bienvenuemarketing.com\/wp-content\/uploads\/2020\/06\/qtq80-cfBrfo-1.jpeg","twitter_misc":{"Estimation du temps de lecture":"2 minutes"},"schema":{"@context":"https:\/\/schema.org","@graph":[{"@type":"WebPage","@id":"https:\/\/bienvenuemarketing.com\/","url":"https:\/\/bienvenuemarketing.com\/","name":"Manufacturers Rep | Bienvenue Marketing","isPartOf":{"@id":"https:\/\/bienvenuemarketing.com\/#website"},"primaryImageOfPage":{"@id":"https:\/\/bienvenuemarketing.com\/#primaryimage"},"image":{"@id":"https:\/\/bienvenuemarketing.com\/#primaryimage"},"thumbnailUrl":"https:\/\/bienvenuemarketing.com\/wp-content\/uploads\/2020\/06\/qtq80-cfBrfo-1.jpeg","datePublished":"2020-06-15T16:42:07+00:00","dateModified":"2024-11-21T20:26:48+00:00","description":"Contact us for exceptional Manufacturers Representative solutions at Bienvenue Marketing Inc. We specialize in sales.","breadcrumb":{"@id":"https:\/\/bienvenuemarketing.com\/#breadcrumb"},"inLanguage":"fr-CA","potentialAction":[{"@type":"ReadAction","target":["https:\/\/bienvenuemarketing.com\/"]}]},{"@type":"ImageObject","inLanguage":"fr-CA","@id":"https:\/\/bienvenuemarketing.com\/#primaryimage","url":"https:\/\/bienvenuemarketing.com\/wp-content\/uploads\/2020\/06\/qtq80-cfBrfo-1.jpeg","contentUrl":"https:\/\/bienvenuemarketing.com\/wp-content\/uploads\/2020\/06\/qtq80-cfBrfo-1.jpeg","width":1254,"height":837,"caption":"Cleaning car door handle with green cloth."},{"@type":"BreadcrumbList","@id":"https:\/\/bienvenuemarketing.com\/#breadcrumb","itemListElement":[{"@type":"ListItem","position":1,"name":"Home","item":"https:\/\/bienvenuemarketing.com\/"},{"@type":"ListItem","position":2,"name":"Home"}]},{"@type":"WebSite","@id":"https:\/\/bienvenuemarketing.com\/#website","url":"https:\/\/bienvenuemarketing.com\/","name":"Bienvenue Marketing Inc.","description":"Repr\u00e9sentation de ventes manufacturiers","publisher":{"@id":"https:\/\/bienvenuemarketing.com\/#organization"},"potentialAction":[{"@type":"SearchAction","target":{"@type":"EntryPoint","urlTemplate":"https:\/\/bienvenuemarketing.com\/?s={search_term_string}"},"query-input":{"@type":"PropertyValueSpecification","valueRequired":true,"valueName":"search_term_string"}}],"inLanguage":"fr-CA"},{"@type":"Organization","@id":"https:\/\/bienvenuemarketing.com\/#organization","name":"Bienvenue Marketing Inc.","url":"https:\/\/bienvenuemarketing.com\/","logo":{"@type":"ImageObject","inLanguage":"fr-CA","@id":"https:\/\/bienvenuemarketing.com\/#\/schema\/logo\/image\/","url":"https:\/\/bienvenuemarketing.com\/wp-content\/uploads\/2023\/04\/cropped-cropped-BM-Logo-2023-white-v2.png","contentUrl":"https:\/\/bienvenuemarketing.com\/wp-content\/uploads\/2023\/04\/cropped-cropped-BM-Logo-2023-white-v2.png","width":562,"height":562,"caption":"Bienvenue Marketing Inc."},"image":{"@id":"https:\/\/bienvenuemarketing.com\/#\/schema\/logo\/image\/"}}]}},"_links":{"self":[{"href":"https:\/\/bienvenuemarketing.com\/fr\/wp-json\/wp\/v2\/pages\/621","targetHints":{"allow":["GET"]}}],"collection":[{"href":"https:\/\/bienvenuemarketing.com\/fr\/wp-json\/wp\/v2\/pages"}],"about":[{"href":"https:\/\/bienvenuemarketing.com\/fr\/wp-json\/wp\/v2\/types\/page"}],"author":[{"embeddable":true,"href":"https:\/\/bienvenuemarketing.com\/fr\/wp-json\/wp\/v2\/users\/1"}],"replies":[{"embeddable":true,"href":"https:\/\/bienvenuemarketing.com\/fr\/wp-json\/wp\/v2\/comments?post=621"}],"version-history":[{"count":44,"href":"https:\/\/bienvenuemarketing.com\/fr\/wp-json\/wp\/v2\/pages\/621\/revisions"}],"predecessor-version":[{"id":1330,"href":"https:\/\/bienvenuemarketing.com\/fr\/wp-json\/wp\/v2\/pages\/621\/revisions\/1330"}],"wp:featuredmedia":[{"embeddable":true,"href":"https:\/\/bienvenuemarketing.com\/fr\/wp-json\/wp\/v2\/media\/1507"}],"wp:attachment":[{"href":"https:\/\/bienvenuemarketing.com\/fr\/wp-json\/wp\/v2\/media?parent=621"}],"curies":[{"name":"wp","href":"https:\/\/api.w.org\/{rel}","templated":true}]}}